{"id":23,"date":"2019-11-11T23:38:35","date_gmt":"2019-11-11T22:38:35","guid":{"rendered":"http:\/\/www.wohnen.schweinersdorf.de\/wohnen.schweinersdorf\/?page_id=23"},"modified":"2019-11-17T11:28:24","modified_gmt":"2019-11-17T10:28:24","slug":"moeblierte-wohnung-auf-zeit-4-zimmer-vollausstattung-85qm-dusche-eckbadewanne-kueche-flat-tv-buero","status":"publish","type":"page","link":"http:\/\/www.wohnen.schweinersdorf.de\/","title":{"rendered":"Sch\u00f6ne m\u00f6blierte Wohnung auf Zeit, 4-Zimmer, Vollausstattung, 85qm, Dusche, Eckbadewanne, K\u00fcche, Flat-TV, B\u00fcro"},"content":{"rendered":"<p>Sie suchen eine Wohnung mit dem besonderen etwas? Vielleicht auch nur f\u00fcr einen kurzen Zeitraum und voll m\u00f6bliert?<\/p>\n<p>Egal ob Sie Erholung suchen oder aus beruflichen Gr\u00fcnden einige Zeit in unserer Region verbringen m\u00f6chten, in Ihrem Apartment k\u00f6nnen Sie in ruhiger, gem\u00fctlicher Atmosph\u00e4re abschalten und durchatmen. Besonders geeignet f\u00fcr Projektleiter, Monteure, Langzeit-Dienstreisende, Wochenend-Heimfahrer, Pendler.<\/p>\n<p>Das Apartment ist zur Langzeitmiete, z.B. als Hauptwohnsitz sowie auch zur Kurzzeitmiete (z.B. Zweitwohnsitz) m\u00f6glich<\/p>\n","protected":false},"excerpt":{"rendered":"<p>Sie suchen eine Wohnung mit dem besonderen etwas? Vielleicht auch nur f\u00fcr einen kurzen Zeitraum und voll m\u00f6bliert? Egal ob Sie Erholung suchen oder aus beruflichen Gr\u00fcnden einige Zeit in unserer Region verbringen m\u00f6chten, in Ihrem Apartment k\u00f6nnen Sie in ruhiger, gem\u00fctlicher Atmosph\u00e4re abschalten und durchatmen. Besonders geeignet f\u00fcr Projektleiter, Monteure, Langzeit-Dienstreisende, Wochenend-Heimfahrer, Pendler. Das &hellip; <\/p>\n<p class=\"link-more\"><a href=\"http:\/\/www.wohnen.schweinersdorf.de\/\" class=\"more-link\"><span class=\"screen-reader-text\">\u201eSch\u00f6ne m\u00f6blierte Wohnung auf Zeit, 4-Zimmer, Vollausstattung, 85qm, Dusche, Eckbadewanne, K\u00fcche, Flat-TV, B\u00fcro\u201c<\/span> weiterlesen<\/a><\/p>\n","protected":false},"author":1,"featured_media":39,"parent":0,"menu_order":0,"comment_status":"closed","ping_status":"closed","template":"","meta":[],"_links":{"self":[{"href":"http:\/\/www.wohnen.schweinersdorf.de\/index.php?rest_route=\/wp\/v2\/pages\/23"}],"collection":[{"href":"http:\/\/www.wohnen.schweinersdorf.de\/index.php?rest_route=\/wp\/v2\/pages"}],"about":[{"href":"http:\/\/www.wohnen.schweinersdorf.de\/index.php?rest_route=\/wp\/v2\/types\/page"}],"author":[{"embeddable":true,"href":"http:\/\/www.wohnen.schweinersdorf.de\/index.php?rest_route=\/wp\/v2\/users\/1"}],"replies":[{"embeddable":true,"href":"http:\/\/www.wohnen.schweinersdorf.de\/index.php?rest_route=%2Fwp%2Fv2%2Fcomments&post=23"}],"version-history":[{"count":3,"href":"http:\/\/www.wohnen.schweinersdorf.de\/index.php?rest_route=\/wp\/v2\/pages\/23\/revisions"}],"predecessor-version":[{"id":81,"href":"http:\/\/www.wohnen.schweinersdorf.de\/index.php?rest_route=\/wp\/v2\/pages\/23\/revisions\/81"}],"wp:featuredmedia":[{"embeddable":true,"href":"http:\/\/www.wohnen.schweinersdorf.de\/index.php?rest_route=\/wp\/v2\/media\/39"}],"wp:attachment":[{"href":"http:\/\/www.wohnen.schweinersdorf.de\/index.php?rest_route=%2Fwp%2Fv2%2Fmedia&parent=23"}],"curies":[{"name":"wp","href":"https:\/\/api.w.org\/{rel}","templated":true}]}}